{"id":535,"date":"2019-03-08T12:22:43","date_gmt":"2019-03-08T11:22:43","guid":{"rendered":"https:\/\/carreau-mayence.de\/?page_id=535"},"modified":"2019-08-25T14:38:31","modified_gmt":"2019-08-25T12:38:31","slug":"links","status":"publish","type":"page","link":"https:\/\/carreau-mayence.de\/?page_id=535","title":{"rendered":"Links"},"content":{"rendered":"<p><strong>Verkn\u00fcpfungen, die interessieren k\u00f6nnten<\/strong><\/p>\n<p>Deutscher P\u00e9tanque-Verband\u00a0\u00a0\u00a0\u00a0 <a href=\"https:\/\/deutscher-petanque-verband.de\/\" target=\"_blank\" rel=\"noopener noreferrer\">https:\/\/deutscher-petanque-verband.de\/<\/a><\/p>\n<p>DPV Videokanal\u00a0 \u00a0 \u00a0<a href=\"http:\/\/www.petanque.live\" target=\"_blank\" rel=\"noopener noreferrer\">http:\/\/www.petanque.live<\/a><\/p>\n<p>PVRLP &#8211; P\u00e9tanque-Verband Rheinland-Pfalz\u00a0\u00a0\u00a0\u00a0\u00a0 <a href=\"http:\/\/www.pvrlp.com\/\" target=\"_blank\" rel=\"noopener noreferrer\">http:\/\/www.pvrlp.com\/<\/a><\/p>\n<p>HPV &#8211; Hessicher P\u00e9tanque-Verband\u00a0\u00a0\u00a0\u00a0\u00a0 <a href=\"http:\/\/hessenpetanque.de\/\" target=\"_blank\" rel=\"noopener noreferrer\">http:\/\/hessenpetanque.de\/<\/a><\/p>\n<p>Jeu de Boule Budenheim\u00a0\u00a0\u00a0\u00a0 <a href=\"http:\/\/www.jeu-de-boule-budenheim.de\/\" target=\"_blank\" rel=\"noopener noreferrer\">http:\/\/www.jeu-de-boule-budenheim.de\/<\/a><\/p>\n<p>Boule Rouge Ingelheim\u00a0\u00a0\u00a0\u00a0 <a href=\"http:\/\/www.boule-rouge.de\/Startseite\/Homepage.html\" target=\"_blank\" rel=\"noopener noreferrer\">http:\/\/www.boule-rouge.de\/Startseite\/Homepage.html<\/a><\/p>\n<p>Boule TUS S\u00f6rgenloch\u00a0\u00a0\u00a0\u00a0 <a href=\"http:\/\/tus-s\u00f6rgenloch.de\/boule\/\">http:\/\/tus-s\u00f6rgenloch.de\/boule\/<\/a><\/p>\n<p>P\u00e9tanque Club Bad Kreuznach\u00a0\u00a0\u00a0\u00a0 <a href=\"https:\/\/p\u00e9tanque-club-bad-kreuznach.de\/\" target=\"_blank\" rel=\"noopener noreferrer\">https:\/\/p\u00e9tanque-club-bad-kreuznach.de\/<\/a><\/p>\n<p>DISBU R\u00fcsselsheim\u00a0\u00a0\u00a0\u00a0 <a href=\"http:\/\/www.disbu.de\/boule\/boule.htm\" target=\"_blank\" rel=\"noopener noreferrer\">http:\/\/www.disbu.de\/boule\/boule.htm<\/a><\/p>\n<p>Blau-Gelb Gross-Gerau\u00a0\u00a0\u00a0\u00a0 <a href=\"https:\/\/www.blau-gelb-gg.de\/boule\/\" target=\"_blank\" rel=\"noopener noreferrer\">https:\/\/www.blau-gelb-gg.de\/boule\/<\/a><\/p>\n<p>Boule im Rheingau\u00a0\u00a0\u00a0\u00a0 <a href=\"http:\/\/www.boule-im-rheingau.de\/\" target=\"_blank\" rel=\"noopener noreferrer\">http:\/\/www.boule-im-rheingau.de\/<\/a><\/p>\n<p>Boulefreunde Rockenhausen\u00a0\u00a0\u00a0\u00a0 <a href=\"http:\/\/www.boule-rockenhausen.de\/\" target=\"_blank\" rel=\"noopener noreferrer\">http:\/\/www.boule-rockenhausen.de\/<\/a><\/p>\n<p>La Boule Joyeuse Wiesbaden\u00a0\u00a0\u00a0 <a href=\"https:\/\/lbjwiesbaden.wordpress.com\/\" target=\"_blank\" rel=\"noopener noreferrer\">https:\/\/lbjwiesbaden.wordpress.com\/<\/a><\/p>\n<p>\u00a0<\/p>\n<p><strong>\u00dcberregionale Boule-Terminkalender<\/strong><\/p>\n<p><a href=\"http:\/\/www.boule-termine.de\/termine.php\" target=\"_blank\" rel=\"noopener noreferrer\">http:\/\/www.boule-termine.de\/termine.php<\/a><\/p>\n<p><a href=\"http:\/\/hessenpetanque.de\/termine\/veranstaltungen\/\" target=\"_blank\" rel=\"noopener noreferrer\">http:\/\/hessenpetanque.de\/termine\/veranstaltungen\/<\/a><\/p>\n<p>\u00a0<\/p>\n<p><strong>Interessante Informationsplattform \u00a0 \u00a0 \u00a0\u00a0 \u00a0 <\/strong><a href=\"https:\/\/petanque-aktuell.de\/\" target=\"_blank\" rel=\"noopener noreferrer\">http:\/\/petanque-aktuell.de<\/a><\/p>\n<p><strong>Bouleforum \u00a0 \u00a0 \u00a0 \u00a0\u00a0 \u00a0<\/strong> <a href=\"http:\/\/www.monsieurbernier.de\/forum\/index.php\" target=\"_blank\" rel=\"noopener noreferrer\">http:\/\/www.monsieurbernier.de\/forum\/index.php<\/a><strong><br \/><\/strong><\/p>\n<p>\u00a0<\/p>\n\n\n<h4 class=\"wp-block-heading\"><\/h4>\n\n\n\n<p><strong>Disclaimer<\/strong><\/p>\n\n\n\n<p><strong>Haftung f\u00fcr Inhalte<\/strong><\/p>\n\n\n\n<p>Als Diensteanbieter sind wir gem\u00e4\u00df \u00a7 7 Abs.1 TMG f\u00fcr eigene Inhalte \nauf diesen Seiten nach den allgemeinen Gesetzen verantwortlich. Nach \u00a7\u00a7 8\n bis 10 TMG sind wir als Diensteanbieter jedoch nicht verpflichtet, \n\u00fcbermittelte oder gespeicherte fremde Informationen zu \u00fcberwachen oder \nnach Umst\u00e4nden zu forschen, die auf eine rechtswidrige T\u00e4tigkeit \nhinweisen.<\/p>\n\n\n\n<p>Verpflichtungen zur Entfernung oder Sperrung der Nutzung von \nInformationen nach den allgemeinen Gesetzen bleiben hiervon unber\u00fchrt. \nEine diesbez\u00fcgliche Haftung ist jedoch erst ab dem Zeitpunkt der \nKenntnis einer konkreten Rechtsverletzung m\u00f6glich. Bei Bekanntwerden von\n entsprechenden Rechtsverletzungen werden wir diese Inhalte umgehend \nentfernen.<\/p>\n\n\n\n<p><strong>Haftung f\u00fcr Links<\/strong><\/p>\n\n\n\n<p>Unser Angebot enth\u00e4lt Links zu externen Websites Dritter, auf deren \nInhalte wir keinen Einfluss haben. Deshalb k\u00f6nnen wir f\u00fcr diese fremden \nInhalte auch keine Gew\u00e4hr \u00fcbernehmen. F\u00fcr die Inhalte der verlinkten \nSeiten ist stets der jeweilige Anbieter oder Betreiber der Seiten \nverantwortlich. Die verlinkten Seiten wurden zum Zeitpunkt der \nVerlinkung auf m\u00f6gliche Rechtsverst\u00f6\u00dfe \u00fcberpr\u00fcft. Rechtswidrige Inhalte \nwaren zum Zeitpunkt der Verlinkung nicht erkennbar.<\/p>\n\n\n\n<p>Eine permanente inhaltliche Kontrolle der verlinkten Seiten ist \njedoch ohne konkrete Anhaltspunkte einer Rechtsverletzung nicht \nzumutbar. Bei Bekanntwerden von Rechtsverletzungen werden wir derartige \nLinks umgehend entfernen.<\/p>\n\n\n\n<p><strong>Urheberrecht<\/strong><\/p>\n\n\n\n<p>Die durch die Seitenbetreiber erstellten Inhalte und Werke auf diesen\n Seiten unterliegen dem deutschen Urheberrecht. Die Vervielf\u00e4ltigung, \nBearbeitung, Verbreitung und jede Art der Verwertung au\u00dferhalb der \nGrenzen des Urheberrechtes bed\u00fcrfen der schriftlichen Zustimmung des \njeweiligen Autors bzw. Erstellers. Downloads und Kopien dieser Seite \nsind nur f\u00fcr den privaten, nicht kommerziellen Gebrauch gestattet.<\/p>\n\n\n\n<p>Soweit die Inhalte auf dieser Seite nicht vom Betreiber erstellt  wurden, werden die Urheberrechte Dritter beachtet. Insbesondere werden  Inhalte Dritter als solche gekennzeichnet. Sollten Sie trotzdem auf eine  Urheberrechtsverletzung aufmerksam werden, bitten wir um einen  entsprechenden Hinweis. Bei Bekanntwerden von Rechtsverletzungen werden  wir derartige Inhalte umgehend entfernen.<\/p>\n\n\n\n<p> Quelle: <\/p>\n\n\n\n<p><em><a rel=\"noreferrer noopener\" href=\"http:\/\/www.e-recht24.de\/muster-disclaimer.htm\" target=\"_blank\">Disclaimer<\/a> von eRecht24, dem Portal zum Internetrecht von Rechtsanwalt S\u00f6ren Siebert.<\/em><\/p>\n\n\n\n<pre class=\"wp-block-preformatted\"><br><\/pre>\n","protected":false},"excerpt":{"rendered":"<p>Verkn\u00fcpfungen, die interessieren k\u00f6nnten Deutscher P\u00e9tanque-Verband\u00a0\u00a0\u00a0\u00a0 https:\/\/deutscher-petanque-verband.de\/ DPV Videokanal\u00a0 \u00a0 \u00a0http:\/\/www.petanque.live PVRLP &#8211; P\u00e9tanque-Verband Rheinland-Pfalz\u00a0\u00a0\u00a0\u00a0\u00a0 http:\/\/www.pvrlp.com\/ HPV &#8211; Hessicher P\u00e9tanque-Verband\u00a0\u00a0\u00a0\u00a0\u00a0 http:\/\/hessenpetanque.de\/ Jeu de Boule Budenheim\u00a0\u00a0\u00a0\u00a0 http:\/\/www.jeu-de-boule-budenheim.de\/ Boule Rouge Ingelheim\u00a0\u00a0\u00a0\u00a0 http:\/\/www.boule-rouge.de\/Startseite\/Homepage.html&hellip;<\/p>\n","protected":false},"author":5,"featured_media":0,"parent":0,"menu_order":0,"comment_status":"closed","ping_status":"closed","template":"","meta":{"_bbp_topic_count":0,"_bbp_reply_count":0,"_bbp_total_topic_count":0,"_bbp_total_reply_count":0,"_bbp_voice_count":0,"_bbp_anonymous_reply_count":0,"_bbp_topic_count_hidden":0,"_bbp_reply_count_hidden":0,"_bbp_forum_subforum_count":0,"footnotes":""},"class_list":["post-535","page","type-page","status-publish","hentry"],"jetpack_sharing_enabled":true,"_links":{"self":[{"href":"https:\/\/carreau-mayence.de\/index.php?rest_route=\/wp\/v2\/pages\/535","targetHints":{"allow":["GET"]}}],"collection":[{"href":"https:\/\/carreau-mayence.de\/index.php?rest_route=\/wp\/v2\/pages"}],"about":[{"href":"https:\/\/carreau-mayence.de\/index.php?rest_route=\/wp\/v2\/types\/page"}],"author":[{"embeddable":true,"href":"https:\/\/carreau-mayence.de\/index.php?rest_route=\/wp\/v2\/users\/5"}],"replies":[{"embeddable":true,"href":"https:\/\/carreau-mayence.de\/index.php?rest_route=%2Fwp%2Fv2%2Fcomments&post=535"}],"version-history":[{"count":22,"href":"https:\/\/carreau-mayence.de\/index.php?rest_route=\/wp\/v2\/pages\/535\/revisions"}],"predecessor-version":[{"id":1334,"href":"https:\/\/carreau-mayence.de\/index.php?rest_route=\/wp\/v2\/pages\/535\/revisions\/1334"}],"wp:attachment":[{"href":"https:\/\/carreau-mayence.de\/index.php?rest_route=%2Fwp%2Fv2%2Fmedia&parent=535"}],"curies":[{"name":"wp","href":"https:\/\/api.w.org\/{rel}","templated":true}]}}